{"id":1628,"date":"2017-03-30T15:38:22","date_gmt":"2017-03-30T12:38:22","guid":{"rendered":"http:\/\/central-ilusalong.ee.klient.veebimajutus.ee\/?page_id=1628\/"},"modified":"2024-05-27T12:53:16","modified_gmt":"2024-05-27T09:53:16","slug":"etusivu","status":"publish","type":"page","link":"https:\/\/www.central-ilusalong.ee\/fi\/","title":{"rendered":"Etusivu"},"content":{"rendered":"<p>[vc_row el_class=&#8221;asdqfaf&#8221;][vc_column][rev_slider_vc alias=&#8221;homepage-fin&#8221;][\/vc_column][\/vc_row][vc_row equal_height=&#8221;yes&#8221; el_class=&#8221;absolute-slider mobile-hide&#8221; css=&#8221;.vc_custom_1477628896637{background-color: rgba(0,0,0,0.01) !important;*background-color: rgb(0,0,0) !important;}&#8221;][vc_column width=&#8221;1\/3&#8243; css=&#8221;.vc_custom_1475122003681{padding-top: 0px !important;background-color: rgba(255,255,255,0.1) !important;*background-color: rgb(255,255,255) !important;}&#8221;]\n    <div class=\"info-box padding20\">\n        <i class=\"icon_clock_alt id-color\"><\/i>\n        <div class=\"info-box_text\">\n            <div class=\"info-box_title\">AVOINNA<\/div>\n            <div class=\"info-box_subtite\"><\/p>\n<table style=\"margin-top: -20px;\">\n<tbody>\n<tr>\n<td style=\"width: 50px;\">Ma-Pe:<\/td>\n<td>09:00 \u2013 19:00<\/td>\n<\/tr>\n<tr>\n<td>La:<\/td>\n<td>09:00 \u2013 18:00<\/td>\n<\/tr>\n<tr>\n<td>Su:<\/td>\n<td>Avoinna tilauksesta<\/td>\n<\/tr>\n<\/tbody>\n<\/table>\n<p><\/div>\n        <\/div>\n    <\/div>  \n\n[\/vc_column][vc_column width=&#8221;1\/3&#8243; css=&#8221;.vc_custom_1475568503228{padding-top: 0px !important;background-color: rgba(255,255,255,0.1) !important;*background-color: rgb(255,255,255) !important;}&#8221;]\n    <div class=\"info-box padding20\">\n        <i class=\"icon_house_alt id-color\"><\/i>\n        <div class=\"info-box_text\">\n            <div class=\"info-box_title\">OSOITE<\/div>\n            <div class=\"info-box_subtite\">Narva mnt 7C, Park Inn by Radisson Central Hotell Tallinn<\/div>\n        <\/div>\n    <\/div>  \n\n[\/vc_column][vc_column width=&#8221;1\/3&#8243; css=&#8221;.vc_custom_1475122019802{padding-top: 0px !important;background-color: rgba(255,255,255,0.1) !important;*background-color: rgb(255,255,255) !important;}&#8221;]\n    <div class=\"info-box padding20\">\n        <i class=\"icon_calendar id-color\"><\/i>\n        <div class=\"info-box_text\">\n            <div class=\"info-box_title\">PUHELIN<\/div>\n            <div class=\"info-box_subtite\">+372 665 3915<br \/>\n<a style=\"color: #ffffff;\" href=\"mailto:info@central-ilusalong.ee\">info@central-ilusalong.ee<\/a><\/div>\n        <\/div>\n    <\/div>  \n\n[\/vc_column][\/vc_row][vc_row css=&#8221;.vc_custom_1490253277665{padding-top: 50px !important;padding-bottom: 50px !important;}&#8221;][vc_column][vc_column_text]<\/p>\n<h1>Kauneussalonki Central Ilusalong<\/h1>\n<div class=\"small-border \"><\/div>\n<p style=\"text-align: center;\">Kauneussalonki Central Ilusalong on toiminut Tallinnassa jo vuodesta 1998 l\u00e4htien. Uudistettu ja nykyaikainen kauneussalonki sijaitsee Park Inn by Radisson Central Hotell Tallinn 1. kerroksessa.<\/p>\n<p style=\"text-align: center;\">Kauneussalonkimme on tarkoitettu ihmisille, jotka arvostavat kauneutta, palvelun korkeaa laatua ja loistavaa palvelua.<br \/>\nJokainen asiakas on meille ainutlaatuinen ja poikkeuksellinen \u2013 haluamme tarjota h\u00e4nelle vain parasta!<\/p>\n<p style=\"text-align: center;\">Meid\u00e4n tavoitteemme on tarjota korkealaatuista kauneuspalvelua ja viihtyis\u00e4\u00e4 ilmapiiri\u00e4, jotta sek\u00e4 asiakkaat ett\u00e4 ty\u00f6ntekij\u00e4t tuntisivat aina olevansa tervetulleita, tarpeellisia ja huoliteltuja.<\/p>\n<p style=\"text-align: center;\">Kauneussalonki tarjoaa laajan valikoiman ammattimaisia kauneuspalveluita. Ty\u00f6ntekij\u00e4mme antavat kauneudelle uuden merkityksen \u2013 kampaajat hemmottelevat Teid\u00e4n hiuksianne <strong>L&#8217;Or\u00e9al Professionnel Paris<\/strong> &#8211; ja <strong>K\u00e9rastase<\/strong>-ammattilaissarjojen tuotteilla ja kosmetologit k\u00e4ytt\u00e4v\u00e4t asiakkaiden suosikkituotesarjoja\u00a0<strong>Acad\u00e9mie Scientifique de Beaut\u00e9<\/strong>\u00a0ja\u00a0<strong>Anesi<\/strong>.<\/p>\n<p style=\"text-align: center;\"><b>Sallikaa meid\u00e4n hemmotella Teit\u00e4 ylellisill\u00e4 hoidoilla!<br \/>\nTervetuloa kauneussalonkiin Central Ilusalong!<br \/>\n<\/b><\/p>\n<p>[\/vc_column_text][\/vc_column][\/vc_row][vc_row bg_parallax_section=&#8221;yes&#8221; parallax_image_section=&#8221;385&#8243; css=&#8221;.vc_custom_1490255385961{padding-top: 50px !important;padding-bottom: 30px !important;background-image: url(http:\/\/central-ilusalong.ee.klient.veebimajutus.ee\/wp-content\/uploads\/2017\/03\/Slaid3.jpg?id=1384) !important;}&#8221;][vc_column el_class=&#8221;text-light&#8221; css=&#8221;.vc_custom_1475139880806{margin-top: 60px !important;margin-bottom: 100px !important;}&#8221;]\t\n\t<div class=\"text-center \">\n\t\t<h1>Viimeisimm\u00e4t uutiset<\/h1>\n\t    <div class=\"small-border \"><\/div>\t<\/div>\n\n[\/vc_column][\/vc_row][vc_row css=&#8221;.vc_custom_1490252314242{padding-bottom: 50px !important;}&#8221;][vc_column animate=&#8221;fadeinup&#8221; css=&#8221;.vc_custom_1491893571477{margin-top: 20px !important;}&#8221;]\n    <ul id=\"blog-carousel\" class=\"blog-list blog-snippet\">\n                <\/li>\n    <\/ul>\n    \n[\/vc_column][\/vc_row][vc_row css=&#8221;.vc_custom_1490606892271{padding-bottom: 30px !important;}&#8221;][vc_column][vc_column_text]    \t<script>\r\n\t\/*\r\n *  Initialize the slider\r\n *\/\r\n\r\n\t\tjQuery(document).ready(function($){ \r\n\t\t\tjQuery(\"#wpaft-logo-slider-default\").owlCarousel({\r\n\t\t\t\titems: \t\t\t\tNumber(wpaft.items),\r\n\t\t\t\tslideSpeed: \t\tNumber(wpaft.slide_speed),\r\n\t\t\t\tpaginationSpeed: \tNumber(wpaft.pagination_speed),\r\n\t\t\t\trewindSpeed: \t\tNumber(wpaft.rewind_speed),\r\n\t\t\t\tsingleItem: \t\tBoolean('1' == wpaft.single_item),\r\n\t\t\t\tautoPlay: \t\t\tBoolean('1' == wpaft.auto_play),\r\n\t\t\t\tstopOnHover: \t\tBoolean('1' == wpaft.stop_on_hover),\r\n\t\t\t\tnavigation: \t\tBoolean('1' == wpaft.navigation),\r\n\t\t\t\tpagination: \t\tBoolean('1' == wpaft.pagination),\r\n\t\t\t\tresponsive: \t\tBoolean('1' == wpaft.responsive)\r\n\t\t\t});\r\n\t\t});\r\n\t<\/script>\r\n\t<div id=\"wpaft-logo-slider-default\" class=\"owl-carousel\">\r\n\t\t\r\n\t<div class=\"logo-container\">\r\n\t\t\t<img loading=\"lazy\" decoding=\"async\" width=\"200\" height=\"120\" src=\"https:\/\/www.central-ilusalong.ee\/wp-content\/uploads\/2017\/03\/Loreal.png\" class=\"attachment-full size-full wp-post-image\" alt=\"\" \/>\t\t\t\t\t\r\n\t<\/div>\r\n\t\t\r\n\t<div class=\"logo-container\">\r\n\t\t\t<img loading=\"lazy\" decoding=\"async\" width=\"200\" height=\"120\" src=\"https:\/\/www.central-ilusalong.ee\/wp-content\/uploads\/2017\/03\/Forlled.png\" class=\"attachment-full size-full wp-post-image\" alt=\"\" \/>\t\t\t\t\t\r\n\t<\/div>\r\n\t\t\r\n\t<div class=\"logo-container\">\r\n\t\t\t<img loading=\"lazy\" decoding=\"async\" width=\"200\" height=\"120\" src=\"https:\/\/www.central-ilusalong.ee\/wp-content\/uploads\/2017\/03\/Kerastase.png\" class=\"attachment-full size-full wp-post-image\" alt=\"\" \/>\t\t\t\t\t\r\n\t<\/div>\r\n\t\t\r\n\t<div class=\"logo-container\">\r\n\t\t\t<img loading=\"lazy\" decoding=\"async\" width=\"200\" height=\"120\" src=\"https:\/\/www.central-ilusalong.ee\/wp-content\/uploads\/2017\/03\/pHformula.png\" class=\"attachment-full size-full wp-post-image\" alt=\"\" \/>\t\t\t\t\t\r\n\t<\/div>\r\n\t\t\r\n\t<div class=\"logo-container\">\r\n\t\t\t<img loading=\"lazy\" decoding=\"async\" width=\"200\" height=\"110\" src=\"https:\/\/www.central-ilusalong.ee\/wp-content\/uploads\/2017\/04\/Anesi.png\" class=\"attachment-full size-full wp-post-image\" alt=\"\" \/>\t\t\t\t\t\r\n\t<\/div>\r\n\t\t  <\/div>\r\n\t[\/vc_column_text][\/vc_column][\/vc_row][vc_row css=&#8221;.vc_custom_1476072609477{padding-top: 30px !important;padding-bottom: 30px !important;}&#8221; el_class=&#8221;bg-color&#8221;][vc_column animate=&#8221;fadeinleft&#8221; delay=&#8221;0.5&#8243;]\n\t\n\t<div class=\"col-md-9 mt10 text-light call-to-action\">\n        <h3><i class=\" mr10\"><\/i>Tehd\u00e4 varaus<\/h3>\n    <\/div>\n\n    <div class=\"col-md-3 text-right text-center-992\">\n    \t<a class=\"btn btn-line-white btn-big\" href=\"https:\/\/broneerimine.timma.ee\/centralilusalong\" target=\"_blank\">Varaa aika netiss\u00e4!<\/a>    <\/div>\n\n[\/vc_column][\/vc_row]<\/p>\n\n<div style=\"display: block !important; margin:0 !important; padding: 0 !important\" id=\"wpp_popup_post_end_element\"><\/div>","protected":false},"excerpt":{"rendered":"<p>[vc_row el_class=&#8221;asdqfaf&#8221;][vc_column][rev_slider_vc alias=&#8221;homepage-fin&#8221;][\/vc_column][\/vc_row][vc_row equal_height=&#8221;yes&#8221; el_class=&#8221;absolute-slider mobile-hide&#8221; css=&#8221;.vc_custom_1477628896637{background-color: rgba(0,0,0,0.01) !important;*background-color: rgb(0,0,0) !important;}&#8221;][vc_column width=&#8221;1\/3&#8243; css=&#8221;.vc_custom_1475122003681{padding-top: 0px !important;background-color: rgba(255,255,255,0.1) !important;*background-color: rgb(255,255,255) !important;}&#8221;][\/vc_column][vc_column width=&#8221;1\/3&#8243; css=&#8221;.vc_custom_1475568503228{padding-top: 0px !important;background-color: rgba(255,255,255,0.1) !important;*background-color: rgb(255,255,255) !important;}&#8221;][\/vc_column][vc_column width=&#8221;1\/3&#8243; css=&#8221;.vc_custom_1475122019802{padding-top: 0px !important;background-color: rgba(255,255,255,0.1) !important;*background-color: rgb(255,255,255) !important;}&#8221;][\/vc_column][\/vc_row][vc_row css=&#8221;.vc_custom_1490253277665{padding-top: 50px !important;padding-bottom: 50px !important;}&#8221;][vc_column][vc_column_text] Kauneussalonki Central Ilusalong Kauneussalonki Central Ilusalong on toiminut Tallinnassa jo vuodesta 1998 l\u00e4htien. Uudistettu ja [&hellip;]<\/p>\n","protected":false},"author":1,"featured_media":0,"parent":0,"menu_order":0,"comment_status":"closed","ping_status":"closed","template":"page-templates\/template-canvas.php","meta":{"footnotes":""},"class_list":["post-1628","page","type-page","status-publish","hentry"],"_links":{"self":[{"href":"https:\/\/www.central-ilusalong.ee\/fi\/wp-json\/wp\/v2\/pages\/1628","targetHints":{"allow":["GET"]}}],"collection":[{"href":"https:\/\/www.central-ilusalong.ee\/fi\/wp-json\/wp\/v2\/pages"}],"about":[{"href":"https:\/\/www.central-ilusalong.ee\/fi\/wp-json\/wp\/v2\/types\/page"}],"author":[{"embeddable":true,"href":"https:\/\/www.central-ilusalong.ee\/fi\/wp-json\/wp\/v2\/users\/1"}],"replies":[{"embeddable":true,"href":"https:\/\/www.central-ilusalong.ee\/fi\/wp-json\/wp\/v2\/comments?post=1628"}],"version-history":[{"count":5,"href":"https:\/\/www.central-ilusalong.ee\/fi\/wp-json\/wp\/v2\/pages\/1628\/revisions"}],"predecessor-version":[{"id":3179,"href":"https:\/\/www.central-ilusalong.ee\/fi\/wp-json\/wp\/v2\/pages\/1628\/revisions\/3179"}],"wp:attachment":[{"href":"https:\/\/www.central-ilusalong.ee\/fi\/wp-json\/wp\/v2\/media?parent=1628"}],"curies":[{"name":"wp","href":"https:\/\/api.w.org\/{rel}","templated":true}]}}